{"id":24,"date":"2012-02-24T16:03:31","date_gmt":"2012-02-24T15:03:31","guid":{"rendered":"http:\/\/www.versammlung-und-teilhabe.de\/cms\/?page_id=24"},"modified":"2015-07-19T20:11:30","modified_gmt":"2015-07-19T19:11:30","slug":"publikationen","status":"publish","type":"page","link":"http:\/\/www.versammlung-und-teilhabe.de\/cms\/publikationen\/","title":{"rendered":"Publikationen"},"content":{"rendered":"<p>Burri, Regula Val\u00e9rie (2012): Visual Rationalities: Towards a Sociology of Images, Current Sociology 60, 1, p.45-60.<\/p>\n<p>Burri, Regula Val\u00e9rie (Hg.) (2013): artLAB # 01 \u2013 Arbeiten zur k\u00fcnstlerischen Forschung von Studierenden der HafenCity Universit\u00e4t Hamburg.<\/p>\n<p>Burri, Regula Val\u00e9rie (2013): Visual Power in Action: Digital Image and the Shaping of Medical Practices. In: Science as Culture 22, 3, S.367-387.<\/p>\n<p>Burri, Regula Val\u00e9rie (2013): Belief in Images \u2013 Bilderglaube, driven, special focus on &#8222;communication&#8220;, issue 3.<\/p>\n<p>Burri, Regula Val\u00e9rie\/ Evert, Kerstin\/ Peters, Sibylle\/ Pilkington, Esther\/ Ziemer, Gesa (2014): Versammlung und Teilhabe \u2013 Urbane \u00d6ffentlichkeiten und performative K\u00fcnste, Bielefeld.<\/p>\n<p>Evert, Kerstin (2015): Bewegen. Ann\u00e4herung an ein k\u00fcnstlerisches (Forschungs-)Verfahren. In: Bewegungsmaterial. Beitr\u00e4ge zu einer Bildtheorie des zeitgen\u00f6ssischen Tanzes. D\u00fcsseldorf.<\/p>\n<p>Evert, Kerstin (2011): Das T\u00e4nzerische im Alltag suchen. In: L\u00e4pple, Dieter\/ Messling, Markus, \/ Trabant, J\u00fcrgen (Hg.): Stadt und Urbanit\u00e4t im 21. Jahrhundert. Berlin.<\/p>\n<p>geheimagentur (2013): Andere Welten. Magische Strategien in Kunst und Aktivismus. In: Pazzini,Karl-Josef\/\u00a0 Sabisch, Andrea\/ Tyradellis, Daniel (Hg.): Das Unverf\u00fcgabe. Wunder, Wissen, Bildung, Z\u00fcrich S. 105-118.<\/p>\n<p>Kowalski, Hannah\/ Wei\u00df,\u00a0Margaux (2012): Insel der Unordnung. \u00dcber Institutionalisierung und die Tempor\u00e4re Autonome Zone G\u00e4ngeviertel. In: G\u00e4ngeviertel e.V (Hg.): Mehr als ein Viertel, Hamburg, S. 128-154.<\/p>\n<p>Matthias, Sebastian (2015): groove feeling \u2013 somatischer Sound und participative Performance. In:\u00a0Ernst, Wolf-Dieter \/ Mungen, Anno \/ Niethammer, Nora \/ Szymanski-D\u00fcll, Berenika (Hg): Sound und Performance \u2013 Positionen, Methoden, Analysen, Thurnauer Schriften zum Musiktheater, Bd.27, Bayreuth.<\/p>\n<p>Matthias, Sebastian (i.V):\u00a0Dance encounters: performing arts as an experimental platform of urban publics. In:\u00a0Radice, Martha\/ Boudreault-Fournier, Alexandrine (Hg.): Urban Encounters: Art and the Public, Montreal.<\/p>\n<p>Nachbar, Martin (2012): Resilient Bodies, Stirred. Political Anecdotes from the Field of Contemporary Choreography. In: Brandstetter,\u00a0Gabriele\/ Klein, Gabriele (Hg.): Tanz und Theorie, Bielefeld.<\/p>\n<p>Nachbar, Martin (2012): Training Remembering. In: Dance Research Journal, Volume 44, Number 2.<\/p>\n<p>Peters, Sibylle (i.V.): Vermitteln, In: Badura, Jens; Dubach, Selma; Haarmann, Anke (Hgg.): K\u00fcnstlerische Forschung \u2013 Ein Handbuch. Z\u00fcrich.<\/p>\n<p>Peters, Sibylle (i.V.): Starting Over. Der Unwahrscheinlichkeitsdrive. Ein Forschungsbericht, in: Czirak, Adam; Egert, Gerko (Hgg.): Dramaturgien des Anfangens.<\/p>\n<p>Peters, Sibylle (Hg.) (2014): Das Forschen aller. Artistic Research als Wissensproduktion zwischen Kunst, Wissenschaft und Gesellschaft, Bielefeld 2014. Darin: Let&#8217;s make Money. Kollektive Geldforschung mit der Kinderbank Hamburg. S. 73-94; The Art of Being Many. Zur Entwicklung einer Kunst der Versammlung im Theater der Gegenwart, S. 155-172.<\/p>\n<p>Peters, Sibylle (2014): Pr\u00e4sentieren=Forschen. Zur Herleitung eines experimentellen Lecture Theatres, in: Parzinger, Hermann; Aue, Stefan; Stock, G\u00fcnter (Hgg.): ArteFakte: Wissen ist Kunst &#8211; Kunst ist Wissen. Reflexionen und Praktiken wissenschaftlich-k\u00fcnstlerischer Begegnungen, Bielefeld, S. 498-496.<\/p>\n<p>Peters, Sibylle (2014): Die Spukversicherung. Ein Forschungsprozess im FUNDUS THEATER Hamburg. In: Pinkert, Ute (Hg.): Theaterp\u00e4dagogik am Theater, Uckerland\/Berlin, S. 148-156.<\/p>\n<p>Peters, Sibylle (2014): El Arte de Juntarse Publico, in: Goebel, Christof (Hg.):\u00a0Diversas miradas. La plaza p\u00fablica en la ciudad de hoy en d\u00eda, Mexico City.<\/p>\n<p>Peters, Sibylle (2012): Echte Piraten &#8211; Forschen im Grenzgebiet. Zur Arbeit des Forschungstheaterprogramms im FUNDUS THEATER. In: Sting, Wolfgang\/ Mieruch, Gunter\/ St\u00fcting, Eva Maria \/ Klinge, Anne Katrin (Hg.): TUSCH: Poetiken des Theatermachens Werkbuch f\u00fcr Theater und Schule, M\u00fcnchen.<\/p>\n<p>Peters, Sibylle (2012): Unwahrscheinliche Ansprachen: Wenn sich das Theater an \u00d6ffentlichkeiten wendet, die es noch nicht gibt. In: Hehmeyer, Kirsten\/ Pees,\u00a0Matthias (Hg.): Import Export: Arbeitsbuch zum HAU Berlin, Berlin.<\/p>\n<p>Peters, Sibylle\/ Evert, Kerstin (2012): Artistic Research: Between Experiment and Presentation. In: Brandstetter,\u00a0Gabriele\/ Klein, Gabriele (Hg.): Tanz und Theorie, Bielefeld.<\/p>\n<p>Peters, Sibylle (2012): Vortragskunst. In: Zeitschrift der dramaturgischen Gesellschaft 2\/2012<\/p>\n<p>Peters, Sibylle (Hg.) (2013): Das Forschen aller, Bielefeld.<\/p>\n<p>Peters, Sibylle (2013): Participatory Children\u2019s Theatre and the Art of Research. The Theatre of Research \/ Das Forschungstheater 2003-2013. In: Youth Theatre Journal. Vol 27, Issue 2.<\/p>\n<p>Peters, SIbylle \/ Geheimagentur (2014): El arte de ser muchos. In: Goebel, Christoph (Hg.): La plaza p\u00fablica. Evoluci\u00f3n y perspectivas. Mexico DF.<\/p>\n<p>Peters, Sibylle (2014), Being Many. In: Steirischer Herbst\/ Malzacher, Florian (Hg.): Truth is concrete. Artistic strategies in real politics, Berlin.<\/p>\n<p>Pilkington, Esther\/ Nachbar, Martin ( 2012): We Always Arrive in the Theatre on Foot. A walk to the theatre in sixteen steps and eighteen footnotes. In: Performance Research: A Journal of the Performing Arts, Volume 17, Issue 2, p. 30-35.<\/p>\n<p>Plischke, Eva (2014): Diese Zukunft hei\u00dft \u00dc70-Party. Zukunftsszenarien als performative Praxis im Theater mit Kindern. In: C\u00e9line Kaiser (Hg.): SzenoTest. Pre-, Re- und Enactment zwischen Theater und Therapie, Bielefeld.<\/p>\n<p>Reimers, Inga (2014): Ess-Settings als Versammlungen der Sinne, Zum Problem der Greifbarkeit sinnlicher Wahrnehmung, in: Arantes, Lydia Maria; Rieger, Elisa (Hgg.):\u00a0Ethnographien der Sinne, Wahrnehmung und Methode in empirisch-kulturwissenschaftlichen Forschungen, Bielefeld.<\/p>\n<p>Tsomou, Margarita (2014): Last Exit Solidarit\u00e4t. Zum Aufschwung solidarischer \u00d6konomie- und Selbstversorgungsnetzwerke im Griechenland der Krise. In: WestEnd. Neue Zeitschrift f\u00fcr Sozialforschung des Frankfurter Institut f\u00fcr Sozialforschung, Frankfurt.<\/p>\n<p>Tsomou, Margarita (2013): Die Krise in Griechenland: zwischen Entdemokratisierung und Selbstorganisation. In: Weiss, Alexandra (Hg.): Systemfehler: Spaltungsrhetorik als Entpolitisierung von Ungleichheit, Wien.<\/p>\n<p>Tsomou, Margarita (2013): \u00bbIch aber werde bleiben!\u00ab Krisen-Perspektiven aus griechischer Sicht. In: INDES Zeitschrift f\u00fcr Politik und Gesellschaft des G\u00f6ttinger Instituts f\u00fcr Demokratieforschung, G\u00f6ttingen.<\/p>\n<p>Tsomou, Margarita (2014):\u00a0Last Exit Solidarit\u00e4t. Zum Aufschwung solidarischer \u00d6konomie- und Selbstversorgungsnetzwerke im Griechenland der Krise. In: WestEnd. Neue Zeitschrift f\u00fcr Sozialforschung ides Frankfurter Institut f\u00fcr Sozialforschung, Frankfurt a.M.<\/p>\n<p>von Bernstorff, Elise (2013): Das Undisziplinierte im Transdisziplin\u00e4ren. Das p\u00e4dagogische Verh\u00e4ltnis in der k\u00fcnstlerischen Forschung mit Kindern. In: Peters, Sibylle (Hg.): Das Forschen aller, Bielefeld.<\/p>\n<p>Ziemer, Gesa (2015): Kollektives (wisschenschaftlich-k\u00fcnstlerisches) Arbeiten. In: Badura, Jens; Dubach, Selma; Haarmann, Anke (Hgg.): K\u00fcnstlerische Forschung \u2013 Ein Handbuch, Z\u00fcrich.<\/p>\n<p>Ziemer, Gesa (2014): Complicity.\u00a0Tagungspublikation zur Konferenz: How can Pirates &amp; Capitalists, Hackers &amp; Journalists, Amateurs &amp; Profs work together?, Berlin.<\/p>\n<p>Ziemer, Gesa (2012): Fenster \u00f6ffnen? Urbane \u00d6ffentlichkeiten zwischen Kunst und Nichtkunst. In: Vork\u00f6per, Ute\/ Knobloch, Andrea (Hg.): Akademie einer anderen Stadt, Berlin.<\/p>\n<p>Ziemer, Gesa (2012): Versammlung und Teilhabe. Komplizenschaft statt Kooperation. In: Koch, Michael (Hg.): Metropole: Zivilgesellschaft, Hamburg.<\/p>\n","protected":false},"excerpt":{"rendered":"<p>Burri, Regula Val\u00e9rie (2012): Visual Rationalities: Towards a Sociology of Images, Current Sociology 60, 1, p.45-60. Burri, Regula Val\u00e9rie (Hg.) (2013): artLAB # 01 \u2013 Arbeiten zur k\u00fcnstlerischen Forschung von Studierenden der HafenCity Universit\u00e4t Hamburg. Burri, Regula Val\u00e9rie (2013): Visual &hellip; <a href=\"http:\/\/www.versammlung-und-teilhabe.de\/cms\/publikationen\/\">Weiterlesen <span class=\"meta-nav\">&rarr;<\/span><\/a><\/p>\n","protected":false},"author":1,"featured_media":0,"parent":0,"menu_order":0,"comment_status":"closed","ping_status":"closed","template":"sidebar-page.php","meta":[],"_links":{"self":[{"href":"http:\/\/www.versammlung-und-teilhabe.de\/cms\/wp-json\/wp\/v2\/pages\/24"}],"collection":[{"href":"http:\/\/www.versammlung-und-teilhabe.de\/cms\/wp-json\/wp\/v2\/pages"}],"about":[{"href":"http:\/\/www.versammlung-und-teilhabe.de\/cms\/wp-json\/wp\/v2\/types\/page"}],"author":[{"embeddable":true,"href":"http:\/\/www.versammlung-und-teilhabe.de\/cms\/wp-json\/wp\/v2\/users\/1"}],"replies":[{"embeddable":true,"href":"http:\/\/www.versammlung-und-teilhabe.de\/cms\/wp-json\/wp\/v2\/comments?post=24"}],"version-history":[{"count":37,"href":"http:\/\/www.versammlung-und-teilhabe.de\/cms\/wp-json\/wp\/v2\/pages\/24\/revisions"}],"predecessor-version":[{"id":28,"href":"http:\/\/www.versammlung-und-teilhabe.de\/cms\/wp-json\/wp\/v2\/pages\/24\/revisions\/28"}],"wp:attachment":[{"href":"http:\/\/www.versammlung-und-teilhabe.de\/cms\/wp-json\/wp\/v2\/media?parent=24"}],"curies":[{"name":"wp","href":"https:\/\/api.w.org\/{rel}","templated":true}]}}